{"id":12,"date":"2014-07-10T16:04:55","date_gmt":"2014-07-10T14:04:55","guid":{"rendered":"http:\/\/kartenmann.ch\/karten\/?page_id=12"},"modified":"2015-12-28T18:25:57","modified_gmt":"2015-12-28T16:25:57","slug":"home","status":"publish","type":"page","link":"https:\/\/kartenmann.ch\/karten\/","title":{"rendered":"Home"},"content":{"rendered":"<p><span style=\"font-family: helvetica; font-size: 14pt;\">Sch\u00f6n dass Sie hier sind, auf der Seite vom Kartenmann!<\/span><\/p>\n<p><span style=\"font-family: helvetica; font-size: 14pt;\">Hier finden Sie nicht allt\u00e4gliche Karten die ausschliesslich aus meinen Fotografien entstehen, mit Liebe und Herz gemacht und f\u00fcr (fast ) jeden Zweck.<\/span><\/p>\n<p><span style=\"font-family: helvetica; font-size: 14pt;\">F\u00fcr Fehlermeldungen und konstruktive Tipps bin ich sehr dankbar, oder\u00a0schreiben Sie mir doch was Sie von der Seite halten, am einfachsten \u00fcber die Kontaktfunktion oder das G\u00e4stebuch<\/span><\/p>\n<p><span style=\"font-family: helvetica; font-size: 14pt;\">Viel Spass \u00a0und danke f\u00fcr Ihren Besuch<\/span><\/p>\n<p>&nbsp;<\/p>\n<p><span style=\"font-family: helvetica; font-size: 14pt;\">Eine gute Zeit w\u00fcnscht Richard Trummer, oder eben RichArt der Kartenmann<\/span><\/p>\n","protected":false},"excerpt":{"rendered":"<p>Sch\u00f6n dass Sie hier sind, auf der Seite vom Kartenmann! Hier finden Sie nicht allt\u00e4gliche Karten die ausschliesslich aus meinen Fotografien entstehen, mit Liebe und Herz gemacht und f\u00fcr (fast ) jeden Zweck. F\u00fcr Fehlermeldungen und konstruktive Tipps bin ich sehr dankbar, oder\u00a0schreiben Sie mir doch was Sie von der Seite halten, am einfachsten \u00fcber [&hellip;]<\/p>\n","protected":false},"author":1,"featured_media":0,"parent":0,"menu_order":0,"comment_status":"open","ping_status":"open","template":"","meta":{"_genesis_hide_title":false,"_genesis_hide_breadcrumbs":false,"_genesis_hide_singular_image":false,"_genesis_hide_footer_widgets":false,"_genesis_custom_body_class":"","_genesis_custom_post_class":"","_genesis_layout":"","footnotes":""},"class_list":{"0":"post-12","1":"page","2":"type-page","3":"status-publish","5":"entry"},"_links":{"self":[{"href":"https:\/\/kartenmann.ch\/karten\/wp-json\/wp\/v2\/pages\/12","targetHints":{"allow":["GET"]}}],"collection":[{"href":"https:\/\/kartenmann.ch\/karten\/wp-json\/wp\/v2\/pages"}],"about":[{"href":"https:\/\/kartenmann.ch\/karten\/wp-json\/wp\/v2\/types\/page"}],"author":[{"embeddable":true,"href":"https:\/\/kartenmann.ch\/karten\/wp-json\/wp\/v2\/users\/1"}],"replies":[{"embeddable":true,"href":"https:\/\/kartenmann.ch\/karten\/wp-json\/wp\/v2\/comments?post=12"}],"version-history":[{"count":21,"href":"https:\/\/kartenmann.ch\/karten\/wp-json\/wp\/v2\/pages\/12\/revisions"}],"predecessor-version":[{"id":1375,"href":"https:\/\/kartenmann.ch\/karten\/wp-json\/wp\/v2\/pages\/12\/revisions\/1375"}],"wp:attachment":[{"href":"https:\/\/kartenmann.ch\/karten\/wp-json\/wp\/v2\/media?parent=12"}],"curies":[{"name":"wp","href":"https:\/\/api.w.org\/{rel}","templated":true}]}}